{"id":52,"date":"2023-12-27T18:14:16","date_gmt":"2023-12-27T21:14:16","guid":{"rendered":"https:\/\/alessandro.med.br\/?page_id=52"},"modified":"2024-07-30T10:04:18","modified_gmt":"2024-07-30T13:04:18","slug":"home","status":"publish","type":"page","link":"https:\/\/alessandro.med.br\/","title":{"rendered":"Home"},"content":{"rendered":"\n<div class=\"wp-block-cover alignfull is-light hestia-clear-top-padding\"><span aria-hidden=\"true\" class=\"wp-block-cover__background has-white-background-color has-background-dim-100 has-background-dim\"><\/span><div class=\"wp-block-cover__inner-container is-layout-flow wp-block-cover-is-layout-flow\">\n<h2 class=\"wp-block-heading has-text-align-center has-text-color\" style=\"color:#3c4858\">Especialidades<\/h2>\n\n\n\n<div style=\"height:40px\" aria-hidden=\"true\" class=\"wp-block-spacer\"><\/div>\n\n\n\n<div class=\"wp-block-columns container is-layout-flex wp-container-core-columns-layout-1 wp-block-columns-is-layout-flex\">\n<div class=\"wp-block-column is-layout-flow wp-block-column-is-layout-flow\"><div class=\"wp-block-image\">\n<figure class=\"aligncenter size-full is-resized\"><img loading=\"lazy\" decoding=\"async\" width=\"225\" height=\"225\" src=\"http:\/\/alessandro.med.br\/wp-content\/uploads\/2023\/12\/images.png\" alt=\"\" class=\"wp-image-93\" style=\"width:63px;height:auto\" srcset=\"https:\/\/alessandro.med.br\/wp-content\/uploads\/2023\/12\/images.png 225w, https:\/\/alessandro.med.br\/wp-content\/uploads\/2023\/12\/images-160x160.png 160w, https:\/\/alessandro.med.br\/wp-content\/uploads\/2023\/12\/images-150x150.png 150w\" sizes=\"(max-width: 225px) 100vw, 225px\" \/><\/figure><\/div>\n\n\n<h5 class=\"wp-block-heading has-text-align-center has-text-color\" style=\"color:#3c4858;font-size:18px\">Ortopedia Esportiva<\/h5>\n\n\n\n<p class=\"has-text-align-center has-text-color\" style=\"color:#999999;font-size:14px\">\u00c9 uma especialidade m\u00e9dica focada na interven\u00e7\u00e3o cir\u00fargica para tratar les\u00f5es musculoesquel\u00e9ticas decorrentes de atividades esportivas.<\/p>\n\n\n\n<div style=\"height:25px\" aria-hidden=\"true\" class=\"wp-block-spacer\"><\/div>\n<\/div>\n\n\n\n<div class=\"wp-block-column is-layout-flow wp-block-column-is-layout-flow\"><div class=\"wp-block-image\">\n<figure class=\"aligncenter size-full is-resized\"><img loading=\"lazy\" decoding=\"async\" width=\"230\" height=\"230\" src=\"http:\/\/alessandro.med.br\/wp-content\/uploads\/2023\/12\/card_image_icon-7513-1.png\" alt=\"\" class=\"wp-image-95\" style=\"width:64px;height:auto\" srcset=\"https:\/\/alessandro.med.br\/wp-content\/uploads\/2023\/12\/card_image_icon-7513-1.png 230w, https:\/\/alessandro.med.br\/wp-content\/uploads\/2023\/12\/card_image_icon-7513-1-160x160.png 160w, https:\/\/alessandro.med.br\/wp-content\/uploads\/2023\/12\/card_image_icon-7513-1-150x150.png 150w\" sizes=\"(max-width: 230px) 100vw, 230px\" \/><\/figure><\/div>\n\n\n<h5 class=\"wp-block-heading has-text-align-center has-text-color\" style=\"color:#3c4858;font-size:18px\">Cirurgia do Joelho<\/h5>\n\n\n\n<p class=\"has-text-align-center has-text-color\" style=\"color:#999999;font-size:14px\">A especialidade trata les\u00f5es e problemas articulares relacionados a essa regi\u00e3o. Realizada para corrigir danos como rupturas de ligamentos, meniscos ou cartilagem, a cirurgia de joelho busca restaurar a fun\u00e7\u00e3o e aliviar a dor,<\/p>\n\n\n\n<div style=\"height:25px\" aria-hidden=\"true\" class=\"wp-block-spacer\"><\/div>\n<\/div>\n\n\n\n<div class=\"wp-block-column is-layout-flow wp-block-column-is-layout-flow\"><div class=\"wp-block-image\">\n<figure class=\"aligncenter size-full is-resized\"><img loading=\"lazy\" decoding=\"async\" width=\"250\" height=\"250\" src=\"http:\/\/alessandro.med.br\/wp-content\/uploads\/2023\/12\/neuroscience_psychology_and_behaviour_250.png\" alt=\"\" class=\"wp-image-96\" style=\"width:64px;height:auto\" srcset=\"https:\/\/alessandro.med.br\/wp-content\/uploads\/2023\/12\/neuroscience_psychology_and_behaviour_250.png 250w, https:\/\/alessandro.med.br\/wp-content\/uploads\/2023\/12\/neuroscience_psychology_and_behaviour_250-160x160.png 160w, https:\/\/alessandro.med.br\/wp-content\/uploads\/2023\/12\/neuroscience_psychology_and_behaviour_250-150x150.png 150w\" sizes=\"(max-width: 250px) 100vw, 250px\" \/><\/figure><\/div>\n\n\n<h5 class=\"wp-block-heading has-text-align-center has-text-color\" style=\"color:#3c4858;font-size:18px\">Estudo da Dor<\/h5>\n\n\n\n<p class=\"has-text-align-center has-text-color\" style=\"color:#999999;font-size:14px\">A especialidade \u00e9 dedicada \u00e0 compreens\u00e3o e tratamento das diversas manifesta\u00e7\u00f5es dolorosas no corpo humano. O objetivo \u00e9 avaliar sua intensidade e impacto na qualidade de vida do paciente, com abordagens terap\u00eauticas personalizadas. Abrange m\u00e9todos com interven\u00e7\u00f5es farmacol\u00f3gicas e procedimentais.<\/p>\n\n\n\n<div style=\"height:25px\" aria-hidden=\"true\" class=\"wp-block-spacer\"><\/div>\n<\/div>\n<\/div>\n\n\n\n<div style=\"height:40px\" aria-hidden=\"true\" class=\"wp-block-spacer\"><\/div>\n<\/div><\/div>\n\n\n\n<div class=\"wp-block-columns container is-layout-flex wp-container-core-columns-layout-2 wp-block-columns-is-layout-flex\">\n<div class=\"wp-block-column col-md-5 is-layout-flow wp-block-column-is-layout-flow\">\n<div style=\"height:55px\" aria-hidden=\"true\" class=\"wp-block-spacer\"><\/div>\n\n\n\n<h2 class=\"wp-block-heading\">Forma\u00e7\u00e3o<\/h2>\n\n\n\n<p>Possui gradua\u00e7\u00e3o em Medicina pela Universidade de S\u00e3o Paulo (2004). Fez Resid\u00eancia M\u00e9dica em Ortopedia e Traumatologia no IOT &#8211; HC\/ FMUSP e especializa\u00e7\u00e3o em Cirurgia do Joelho, Ortopedia Pedi\u00e1trica, Reconstru\u00e7\u00e3o e Alongamento \u00d3sseo, Ortopedia Esportiva, Doen\u00e7as Osteo-Metab\u00f3licas e Artro-degenerativas e Medicina Preventiva e Promo\u00e7\u00e3o de Sa\u00fade. M\u00e9dico e gestor, faz parte do Sistema Nacional de Auditoria do SUS da Divis\u00e3o de Auditoria da Coordenadora de Controle Interno da Secretaria Municipal da Sa\u00fade de S\u00e3o Paulo. \u00c9 Diretor T\u00e9cnico no Hospital Unic e no Laborat\u00f3rio Evolut Excel\u00eancia Diagn\u00f3stica. Atua na \u00e1rea de gest\u00e3o e governan\u00e7a em sa\u00fade, com \u00eanfase em processos, legisla\u00e7\u00e3o sanit\u00e1ria e auditoria t\u00e9cnica, bem como mantem-se ativo no ensino e pesquisa em cirurgia ortop\u00e9dica.<\/p>\n<\/div>\n\n\n\n<div class=\"wp-block-column col-md-6 col-md-offset1 is-layout-flow wp-block-column-is-layout-flow\">\n<div style=\"height:55px\" aria-hidden=\"true\" class=\"wp-block-spacer\"><\/div>\n\n\n\n<figure class=\"wp-block-image size-large\"><img loading=\"lazy\" decoding=\"async\" width=\"675\" height=\"1024\" src=\"http:\/\/alessandro.med.br\/wp-content\/uploads\/2023\/12\/cracha-675x1024.jpg\" alt=\"\" class=\"wp-image-22\" srcset=\"https:\/\/alessandro.med.br\/wp-content\/uploads\/2023\/12\/cracha-675x1024.jpg 675w, https:\/\/alessandro.med.br\/wp-content\/uploads\/2023\/12\/cracha-230x350.jpg 230w, https:\/\/alessandro.med.br\/wp-content\/uploads\/2023\/12\/cracha-600x911.jpg 600w, https:\/\/alessandro.med.br\/wp-content\/uploads\/2023\/12\/cracha-198x300.jpg 198w, https:\/\/alessandro.med.br\/wp-content\/uploads\/2023\/12\/cracha-768x1166.jpg 768w, https:\/\/alessandro.med.br\/wp-content\/uploads\/2023\/12\/cracha-1012x1536.jpg 1012w, https:\/\/alessandro.med.br\/wp-content\/uploads\/2023\/12\/cracha.jpg 1054w\" sizes=\"(max-width: 675px) 100vw, 675px\" \/><\/figure>\n\n\n\n<p>&nbsp;<a href=\"http:\/\/lattes.cnpq.br\/1059799777058804\" target=\"_blank\" rel=\"noopener\" title=\"\">Curriculum<\/a><\/p>\n<\/div>\n<\/div>\n","protected":false},"excerpt":{"rendered":"<p>Forma\u00e7\u00e3o Possui gradua\u00e7\u00e3o em Medicina pela Universidade de S\u00e3o Paulo (2004). Fez Resid\u00eancia M\u00e9dica em Ortopedia e Traumatologia no IOT &#8211; HC\/ FMUSP e especializa\u00e7\u00e3o em Cirurgia do Joelho, Ortopedia Pedi\u00e1trica, Reconstru\u00e7\u00e3o e Alongamento \u00d3sseo, Ortopedia Esportiva, Doen\u00e7as Osteo-Metab\u00f3licas e Artro-degenerativas e Medicina Preventiva e Promo\u00e7\u00e3o de Sa\u00fade. M\u00e9dico e [&hellip;]<\/p>\n","protected":false},"author":1,"featured_media":81,"parent":0,"menu_order":0,"comment_status":"closed","ping_status":"closed","template":"","meta":{"om_disable_all_campaigns":false,"_monsterinsights_skip_tracking":false,"_monsterinsights_sitenote_active":false,"_monsterinsights_sitenote_note":"","_monsterinsights_sitenote_category":0,"footnotes":""},"_links":{"self":[{"href":"https:\/\/alessandro.med.br\/index.php?rest_route=\/wp\/v2\/pages\/52"}],"collection":[{"href":"https:\/\/alessandro.med.br\/index.php?rest_route=\/wp\/v2\/pages"}],"about":[{"href":"https:\/\/alessandro.med.br\/index.php?rest_route=\/wp\/v2\/types\/page"}],"author":[{"embeddable":true,"href":"https:\/\/alessandro.med.br\/index.php?rest_route=\/wp\/v2\/users\/1"}],"replies":[{"embeddable":true,"href":"https:\/\/alessandro.med.br\/index.php?rest_route=%2Fwp%2Fv2%2Fcomments&post=52"}],"version-history":[{"count":5,"href":"https:\/\/alessandro.med.br\/index.php?rest_route=\/wp\/v2\/pages\/52\/revisions"}],"predecessor-version":[{"id":192,"href":"https:\/\/alessandro.med.br\/index.php?rest_route=\/wp\/v2\/pages\/52\/revisions\/192"}],"wp:featuredmedia":[{"embeddable":true,"href":"https:\/\/alessandro.med.br\/index.php?rest_route=\/wp\/v2\/media\/81"}],"wp:attachment":[{"href":"https:\/\/alessandro.med.br\/index.php?rest_route=%2Fwp%2Fv2%2Fmedia&parent=52"}],"curies":[{"name":"wp","href":"https:\/\/api.w.org\/{rel}","templated":true}]}}